{"id":1574,"date":"2024-10-21T15:13:48","date_gmt":"2024-10-21T19:13:48","guid":{"rendered":"https:\/\/www.iricor.ca\/?page_id=1574"},"modified":"2024-10-27T22:50:06","modified_gmt":"2024-10-28T02:50:06","slug":"iricor-will-attend-the-les-2022-annual-meeting","status":"publish","type":"page","link":"http:\/\/www.iricor.ca\/en\/news\/iricor-will-attend-the-les-2022-annual-meeting\/","title":{"rendered":"IRICoR will attend the LES 2022 Annual Meeting"},"content":{"rendered":"\t\t<header class=\"header-title section-block with-background theme-dark-blue\" data-scroll-section>\n\t\t\t<div class=\"container\">\n\t\t\t\t<div class=\"row row-main\">\n\t\t\t\t\t<div class=\"col-lg-12 col-title\">\n\t\t\t\t\t\t\t\t\t\t\t\t\t<div class=\"upper\">Posted on October 5 2022<\/div>\n\t\t\t\t\t\t\n\t\t\t\t\t\t\t\t\t\t\t\t\t<h1 class=\"main-title title-1\">IRICoR will attend the LES 2022 Annual Meeting<\/h1>\t\t\t\t\t\t\t\t\t\t\t<\/div>\n\t\t\t\t\t<div class=\"col-lg-4 offset-lg-2 col-content\">\n\t\t\t\t\t\t<div class=\"content-wrapper\">\n\t\t\t\t\t\t\t\n\t\t\t\t\t\t\t\t\t\t\t\t\t<\/div>\n\t\t\t\t\t<\/div>\n\t\t\t\t<\/div>\n\t\t\t<\/div>\n\t\t<\/header>\n\t\n\n\t\t<section class=\"text-body section-block\" data-scroll-section>\n\t\t\t<div class=\"container\">\n\t\t\t\t<div class=\"row row-main\">\n\t\t\t\t\t<div class=\"col-lg-6 offset-lg-3\">\n\t\t\t\t\t\t\t\t\t\t\t\t\t<p style=\"text-align: justify;\">IRICoR will participate at the LES 2022 annual meeting to be held from October 16 to 19, 2022, in San Francisco.<\/p>\n<p style=\"text-align: justify;\">This event is an opportunity for intellectual property and licensing professionals to network, collaborate and discuss some of the most critical issues facing the industry today. LES 2022 annual meeting offers more than 30 sessions led by industry experts and thought leaders, panel discussions, renowned speakers, sector meetings, workshops sessions.<\/p>\n<p style=\"text-align: justify;\">It is possible to schedule a meeting with an IRICoR representative. To do so, please contact Jean-Louis Brochu, M.Sc., Senior Intellectual Property Manager or H\u00e9l\u00e8ne Grang\u00e9, M.Sc., Senior Contracts and Licensing Manager \u2013 IRICoR:<\/p>\n<ul>\n<li>By email: <a href=\"mailto:jean-louis.brochu@umontreal.ca\" target=\"_blank\" rel=\"noopener noreferrer\">jean-louis.brochu@umontreal.ca<\/a>\u00a0 \u00a0 \u00a0 \u00a0 \u00a0 \u00a0 \u00a0 \u00a0 \u00a0 \u00a0 \u00a0 \u00a0 \u00a0<a href=\"mailto:helene.grange@umontreal.ca\">helene.grange@umontreal.ca\u00a0<\/a><\/li>\n<\/ul>\n<p style=\"text-align: justify;\">For more information about this conference, visit the <u><a href=\"https:\/\/web.cvent.com\/event\/8aaa6401-1b5b-4ece-8ce2-0203ce4db460\/summary\" target=\"_blank\" rel=\"noopener noreferrer\">LES 2022 (site en anglais seulement).<\/a><\/u><\/p>\n<p><img decoding=\"async\" loading=\"lazy\" class=\"aligncenter size-large wp-image-1199\" src=\"http:\/\/www.iricor.ca\/wp-content\/uploads\/2024\/10\/Capture-decran-2022-09-29-125750-1024x491.jpg\" alt=\"\" width=\"1024\" height=\"491\" srcset=\"https:\/\/www.iricor.ca\/wp-content\/uploads\/2024\/10\/Capture-decran-2022-09-29-125750-1024x491.jpg 1024w, https:\/\/www.iricor.ca\/wp-content\/uploads\/2024\/10\/Capture-decran-2022-09-29-125750-80x38.jpg 80w, https:\/\/www.iricor.ca\/wp-content\/uploads\/2024\/10\/Capture-decran-2022-09-29-125750-186x89.jpg 186w, https:\/\/www.iricor.ca\/wp-content\/uploads\/2024\/10\/Capture-decran-2022-09-29-125750-206x99.jpg 206w, https:\/\/www.iricor.ca\/wp-content\/uploads\/2024\/10\/Capture-decran-2022-09-29-125750-238x114.jpg 238w, https:\/\/www.iricor.ca\/wp-content\/uploads\/2024\/10\/Capture-decran-2022-09-29-125750-275x132.jpg 275w, https:\/\/www.iricor.ca\/wp-content\/uploads\/2024\/10\/Capture-decran-2022-09-29-125750-428x205.jpg 428w, https:\/\/www.iricor.ca\/wp-content\/uploads\/2024\/10\/Capture-decran-2022-09-29-125750-550x264.jpg 550w, https:\/\/www.iricor.ca\/wp-content\/uploads\/2024\/10\/Capture-decran-2022-09-29-125750-580x278.jpg 580w, https:\/\/www.iricor.ca\/wp-content\/uploads\/2024\/10\/Capture-decran-2022-09-29-125750-768x368.jpg 768w, https:\/\/www.iricor.ca\/wp-content\/uploads\/2024\/10\/Capture-decran-2022-09-29-125750-780x374.jpg 780w, https:\/\/www.iricor.ca\/wp-content\/uploads\/2024\/10\/Capture-decran-2022-09-29-125750-885x424.jpg 885w, https:\/\/www.iricor.ca\/wp-content\/uploads\/2024\/10\/Capture-decran-2022-09-29-125750-900x431.jpg 900w, https:\/\/www.iricor.ca\/wp-content\/uploads\/2024\/10\/Capture-decran-2022-09-29-125750-960x460.jpg 960w, https:\/\/www.iricor.ca\/wp-content\/uploads\/2024\/10\/Capture-decran-2022-09-29-125750-1160x556.jpg 1160w, https:\/\/www.iricor.ca\/wp-content\/uploads\/2024\/10\/Capture-decran-2022-09-29-125750-1280x613.jpg 1280w, https:\/\/www.iricor.ca\/wp-content\/uploads\/2024\/10\/Capture-decran-2022-09-29-125750-1366x655.jpg 1366w, https:\/\/www.iricor.ca\/wp-content\/uploads\/2024\/10\/Capture-decran-2022-09-29-125750-1440x690.jpg 1440w, https:\/\/www.iricor.ca\/wp-content\/uploads\/2024\/10\/Capture-decran-2022-09-29-125750-300x144.jpg 300w, https:\/\/www.iricor.ca\/wp-content\/uploads\/2024\/10\/Capture-decran-2022-09-29-125750-935x448.jpg 935w, https:\/\/www.iricor.ca\/wp-content\/uploads\/2024\/10\/Capture-decran-2022-09-29-125750-770x369.jpg 770w, https:\/\/www.iricor.ca\/wp-content\/uploads\/2024\/10\/Capture-decran-2022-09-29-125750-500x240.jpg 500w, https:\/\/www.iricor.ca\/wp-content\/uploads\/2024\/10\/Capture-decran-2022-09-29-125750-150x72.jpg 150w, https:\/\/www.iricor.ca\/wp-content\/uploads\/2024\/10\/Capture-decran-2022-09-29-125750.jpg 1492w\" sizes=\"(max-width: 1024px) 100vw, 1024px\" \/><\/p>\n\t\t\t\t\t\t\n\t\t\t\t\t\t\t\t\t\t\t\t\t<div class=\"btns\">\n\t\t\t\t\t\t\t\t\t\t\t\t\t\t\t\t\t\t\t\t<a href=\"http:\/\/www.iricor.ca\/en\/news\/\"\n\t\t\t\tclass=\"button button-primary\"\n\t\t\t\t\t\t\t\t>\n\t\t\t\t<span class=\"button-mask\">\n\t\t\t\t\t<span class=\"mask-label\">For more news<\/span>\n\t\t\t\t\t<span aria-hidden=\"true\" class=\"mask-extra-label\">For more news<\/span>\n\t\t\t\t<\/span>\n\t\t\t<\/a>\n\t\t\t\t\t\t\t\t\t\t\t\t\t\t\t\t\t<\/div>\n\t\t\t\t\t\t\t\t\t\t\t<\/div>\n\t\t\t\t<\/div>\n\t\t\t<\/div>\n\t\t<\/section>\n\t\n\n\t\t<div class=\"header-title section-block with-background theme-dark-blue\" data-scroll-section>\n\t\t\t<div class=\"container\">\n\t\t\t\t<div class=\"row row-main\">\n\t\t\t\t\t<div class=\"col-lg-12 col-title\">\n\t\t\t\t\t\t\n\t\t\t\t\t\t\t\t\t\t\t<\/div>\n\t\t\t\t\t<div class=\"col-lg-4 offset-lg-2 col-content\">\n\t\t\t\t\t\t<div class=\"content-wrapper\">\n\t\t\t\t\t\t\t\n\t\t\t\t\t\t\t\t\t\t\t\t\t<\/div>\n\t\t\t\t\t<\/div>\n\t\t\t\t<\/div>\n\t\t\t<\/div>\n\t\t<\/div>\n\t\n\n\t\t<section class=\"text-body section-block\" data-scroll-section>\n\t\t\t<div class=\"container\">\n\t\t\t\t<div class=\"row row-main\">\n\t\t\t\t\t<div class=\"col-lg-6 offset-lg-3\">\n\t\t\t\t\t\t\n\t\t\t\t\t\t\t\t\t\t\t<\/div>\n\t\t\t\t<\/div>\n\t\t\t<\/div>\n\t\t<\/section>\n\t","protected":false},"excerpt":{"rendered":"","protected":false},"author":7,"featured_media":0,"parent":1412,"menu_order":59,"comment_status":"closed","ping_status":"closed","template":"","meta":{"_acf_changed":false,"footnotes":""},"acf":[],"_links":{"self":[{"href":"https:\/\/www.iricor.ca\/en\/wp-json\/wp\/v2\/pages\/1574"}],"collection":[{"href":"https:\/\/www.iricor.ca\/en\/wp-json\/wp\/v2\/pages"}],"about":[{"href":"https:\/\/www.iricor.ca\/en\/wp-json\/wp\/v2\/types\/page"}],"author":[{"embeddable":true,"href":"https:\/\/www.iricor.ca\/en\/wp-json\/wp\/v2\/users\/7"}],"replies":[{"embeddable":true,"href":"https:\/\/www.iricor.ca\/en\/wp-json\/wp\/v2\/comments?post=1574"}],"version-history":[{"count":3,"href":"https:\/\/www.iricor.ca\/en\/wp-json\/wp\/v2\/pages\/1574\/revisions"}],"predecessor-version":[{"id":1603,"href":"https:\/\/www.iricor.ca\/en\/wp-json\/wp\/v2\/pages\/1574\/revisions\/1603"}],"up":[{"embeddable":true,"href":"https:\/\/www.iricor.ca\/en\/wp-json\/wp\/v2\/pages\/1412"}],"wp:attachment":[{"href":"https:\/\/www.iricor.ca\/en\/wp-json\/wp\/v2\/media?parent=1574"}],"curies":[{"name":"wp","href":"https:\/\/api.w.org\/{rel}","templated":true}]}}