{"id":1568,"date":"2024-10-21T14:19:26","date_gmt":"2024-10-21T18:19:26","guid":{"rendered":"https:\/\/www.iricor.ca\/?page_id=1568"},"modified":"2024-10-25T15:56:41","modified_gmt":"2024-10-25T19:56:41","slug":"gwenaelle-gavory-joins-the-iricor-team","status":"publish","type":"page","link":"http:\/\/www.iricor.ca\/en\/news\/gwenaelle-gavory-joins-the-iricor-team\/","title":{"rendered":"Gwena\u00eblle Gavory joins the IRICoR team"},"content":{"rendered":"\t\t<header class=\"header-title section-block with-background theme-dark-blue\" data-scroll-section>\n\t\t\t<div class=\"container\">\n\t\t\t\t<div class=\"row row-main\">\n\t\t\t\t\t<div class=\"col-lg-12 col-title\">\n\t\t\t\t\t\t\t\t\t\t\t\t\t<div class=\"upper\">Posted on November 14 2022<\/div>\n\t\t\t\t\t\t\n\t\t\t\t\t\t\t\t\t\t\t\t\t<h1 class=\"main-title title-1\">Gwena\u00eblle Gavory joins the IRICoR team<\/h1>\t\t\t\t\t\t\t\t\t\t\t<\/div>\n\t\t\t\t\t<div class=\"col-lg-4 offset-lg-2 col-content\">\n\t\t\t\t\t\t<div class=\"content-wrapper\">\n\t\t\t\t\t\t\t\n\t\t\t\t\t\t\t\t\t\t\t\t\t<\/div>\n\t\t\t\t\t<\/div>\n\t\t\t\t<\/div>\n\t\t\t<\/div>\n\t\t<\/header>\n\t\n\n\t\t<section class=\"text-body section-block\" data-scroll-section>\n\t\t\t<div class=\"container\">\n\t\t\t\t<div class=\"row row-main\">\n\t\t\t\t\t<div class=\"col-lg-6 offset-lg-3\">\n\t\t\t\t\t\t\t\t\t\t\t\t\t<p>IRICoR is very pleased to announce the appointment of\u00a0<strong>Gwena\u00eblle Gavory<\/strong>, as\u00a0<strong>Scientific Liaison Agent<\/strong>. In this role, Dre Gavory will be in charge of the scientific management and progress of portfolio projects in close collaboration with the VP \u2013 Scientific operations.<\/p>\n<p>Before joining IRICoR, Gwena\u00eblle was administrative project manager at the Institute for Research in Immunology and Cancer of the Universit\u00e9 de Montr\u00e9al (IRIC). She was in charge of the financial management of the Drug Discovery Unit (DDU) and she provided administrative support to the DDU. She was also involved in the development and implementation of institutional projects.<\/p>\n<p>She holds a Ph.D. in Molecular Biology from Universit\u00e9 de Montr\u00e9al and her research project was realized on the NUP98-HOXA9 translocation involved in acute myeloid leukemia. She also holds a engineering degree from \u00c9cole Nationale Sup\u00e9rieure de Chimie de Rennes (ENSCR), France.<\/p>\n\t\t\t\t\t\t\n\t\t\t\t\t\t\t\t\t\t\t\t\t<div class=\"btns\">\n\t\t\t\t\t\t\t\t\t\t\t\t\t\t\t\t\t\t\t\t<a href=\"http:\/\/www.iricor.ca\/en\/news\/\"\n\t\t\t\tclass=\"button button-primary\"\n\t\t\t\t\t\t\t\t>\n\t\t\t\t<span class=\"button-mask\">\n\t\t\t\t\t<span class=\"mask-label\">For more news<\/span>\n\t\t\t\t\t<span aria-hidden=\"true\" class=\"mask-extra-label\">For more news<\/span>\n\t\t\t\t<\/span>\n\t\t\t<\/a>\n\t\t\t\t\t\t\t\t\t\t\t\t\t\t\t\t\t<\/div>\n\t\t\t\t\t\t\t\t\t\t\t<\/div>\n\t\t\t\t<\/div>\n\t\t\t<\/div>\n\t\t<\/section>\n\t\n\n\t\t<div class=\"header-title section-block with-background theme-dark-blue\" data-scroll-section>\n\t\t\t<div class=\"container\">\n\t\t\t\t<div class=\"row row-main\">\n\t\t\t\t\t<div class=\"col-lg-12 col-title\">\n\t\t\t\t\t\t\n\t\t\t\t\t\t\t\t\t\t\t<\/div>\n\t\t\t\t\t<div class=\"col-lg-4 offset-lg-2 col-content\">\n\t\t\t\t\t\t<div class=\"content-wrapper\">\n\t\t\t\t\t\t\t\n\t\t\t\t\t\t\t\t\t\t\t\t\t<\/div>\n\t\t\t\t\t<\/div>\n\t\t\t\t<\/div>\n\t\t\t<\/div>\n\t\t<\/div>\n\t\n\n\t\t<section class=\"text-body section-block\" data-scroll-section>\n\t\t\t<div class=\"container\">\n\t\t\t\t<div class=\"row row-main\">\n\t\t\t\t\t<div class=\"col-lg-6 offset-lg-3\">\n\t\t\t\t\t\t\n\t\t\t\t\t\t\t\t\t\t\t<\/div>\n\t\t\t\t<\/div>\n\t\t\t<\/div>\n\t\t<\/section>\n\t","protected":false},"excerpt":{"rendered":"","protected":false},"author":7,"featured_media":0,"parent":1412,"menu_order":49,"comment_status":"closed","ping_status":"closed","template":"","meta":{"_acf_changed":false,"footnotes":""},"acf":[],"_links":{"self":[{"href":"https:\/\/www.iricor.ca\/en\/wp-json\/wp\/v2\/pages\/1568"}],"collection":[{"href":"https:\/\/www.iricor.ca\/en\/wp-json\/wp\/v2\/pages"}],"about":[{"href":"https:\/\/www.iricor.ca\/en\/wp-json\/wp\/v2\/types\/page"}],"author":[{"embeddable":true,"href":"https:\/\/www.iricor.ca\/en\/wp-json\/wp\/v2\/users\/7"}],"replies":[{"embeddable":true,"href":"https:\/\/www.iricor.ca\/en\/wp-json\/wp\/v2\/comments?post=1568"}],"version-history":[{"count":1,"href":"https:\/\/www.iricor.ca\/en\/wp-json\/wp\/v2\/pages\/1568\/revisions"}],"predecessor-version":[{"id":1569,"href":"https:\/\/www.iricor.ca\/en\/wp-json\/wp\/v2\/pages\/1568\/revisions\/1569"}],"up":[{"embeddable":true,"href":"https:\/\/www.iricor.ca\/en\/wp-json\/wp\/v2\/pages\/1412"}],"wp:attachment":[{"href":"https:\/\/www.iricor.ca\/en\/wp-json\/wp\/v2\/media?parent=1568"}],"curies":[{"name":"wp","href":"https:\/\/api.w.org\/{rel}","templated":true}]}}